{"id":713,"date":"2023-04-24T01:26:55","date_gmt":"2023-04-24T01:26:55","guid":{"rendered":"https:\/\/plutusreceivables.com\/politica-de-privacidad-de-california\/"},"modified":"2024-06-24T01:24:29","modified_gmt":"2024-06-24T01:24:29","slug":"politica-de-privacidad-de-california","status":"publish","type":"page","link":"https:\/\/plutusreceivables.com\/es\/politica-de-privacidad-de-california\/","title":{"rendered":"Pol\u00edtica de privacidad de California"},"content":{"rendered":"<p>[et_pb_section fb_built=\u00bb1&#8243; _builder_version=\u00bb4.16&#8243; global_colors_info=\u00bb{}\u00bb][et_pb_row _builder_version=\u00bb4.16&#8243; background_size=\u00bbinitial\u00bb background_position=\u00bbtop_left\u00bb background_repeat=\u00bbrepeat\u00bb global_colors_info=\u00bb{}\u00bb][et_pb_column type=\u00bb4_4&#8243; _builder_version=\u00bb4.16&#8243; custom_padding=\u00bb|||\u00bb global_colors_info=\u00bb{}\u00bb custom_padding__hover=\u00bb|||\u00bb][et_pb_text _builder_version=\u00bb4.21.0&#8243; background_size=\u00bbinitial\u00bb background_position=\u00bbtop_left\u00bb background_repeat=\u00bbrepeat\u00bb hover_enabled=\u00bb0&#8243; global_colors_info=\u00bb{}\u00bb sticky_enabled=\u00bb0&#8243;]<\/p>\n<p><!-- divi:heading --><\/p>\n<div class=\"wp\">\n<h2 id=\"california\"><span class=\"il\">Plutus<\/span><span> Receivables Management LLC<\/span><br \/>Declaraci\u00f3n de privacidad del consumidor de California<\/h2>\n<p><span>Esta Declaraci\u00f3n de privacidad del consumidor de California (\u00abDeclaraci\u00f3n\u00bb) complementa nuestra Pol\u00edtica de privacidad web de<\/span> <span class=\"il\">Plutus<\/span> <span>Receivables Management LLC (\u00abPlutus\u00bb).<\/span><span> Esta Declaraci\u00f3n se aplica \u00fanicamente a los consumidores de California, incluido el personal que trabaja en nombre de nuestros socios comerciales (por ejemplo, proveedores) (colectivamente, \u00abindividuos B2B\u00bb), sujeto a las excepciones que se enumeran a continuaci\u00f3n. Esta Declaraci\u00f3n no se aplica al personal de Plutus ni a los solicitantes de empleo. Para mayor claridad, esta Declaraci\u00f3n se aplica a la informaci\u00f3n personal que recopilamos sobre los consumidores de California tanto en el Sitio como fuera de l\u00ednea. Esta Declaraci\u00f3n utiliza ciertos t\u00e9rminos que tienen el significado que se les otorga en la Ley de Privacidad del Consumidor de California de 2018 (la \u00abCCPA\u00bb), modificada por la Ley de Derechos de Privacidad de California de 2020 (la \u00abCPRA\u00bb), y sus reglamentos de implementaci\u00f3n (la \u201cCCPA\/CPRA\u201d).<\/span><\/p>\n<p><span><\/span><\/p>\n<\/div>\n<div class=\"wp\">\n<h4><strong>1. Aviso de recopilaci\u00f3n y uso de informaci\u00f3n personal<\/strong><\/h4>\n<\/div>\n<div class=\"wp\">\n<p>Podemos recopilar (y es posible que hayamos recopilado durante el per\u00edodo de 12 meses anterior a la fecha de vigencia de esta Declaraci\u00f3n) las siguientes categor\u00edas de informaci\u00f3n personal sobre usted:<\/p>\n<\/div>\n<div class=\"wp\">\n<div class=\"wp\">\n<ul>\n<li><strong>Datos adicionales sujetos a Cal. Civ. C\u00f3digo \u00a7 1798.80:<\/strong><span> <\/span>firma<\/li>\n<li><strong>Identificadores:<\/strong><span> identificadores como un nombre real, direcci\u00f3n postal, identificador personal \u00fanico (como un identificador de dispositivo, cookies, n\u00famero de tel\u00e9fono y otras formas de identificadores persistentes o probabil\u00edsticos), identificador en l\u00ednea, direcci\u00f3n de Protocolo de Internet, direcci\u00f3n de correo electr\u00f3nico u otro identificador similar<\/span><\/li>\n<li><strong>Actividad en l\u00ednea: <\/strong><span>Internet y otra informaci\u00f3n de actividad de red electr\u00f3nica, incluida, entre otras, informaci\u00f3n sobre su interacci\u00f3n con sitios web, aplicaciones o anuncios.<\/span><\/li>\n<li><strong>Informaci\u00f3n sensorial: <\/strong><span>informaci\u00f3n de audio, electr\u00f3nica y similar.<\/span><\/li>\n<li><strong>informacion de Empleo:<\/strong><span> <\/span><span>informaci\u00f3n profesional o laboral<\/span><\/li>\n<\/ul>\n<\/div>\n<\/div>\n<div class=\"wp\">\n<p>Podemos usar (y es posible que hayamos usado durante el per\u00edodo de 12 meses anterior a la fecha de vigencia de esta Declaraci\u00f3n) su informaci\u00f3n personal para los fines descritos en nuestra <a href=\"https:\/\/plutusreceivables.com\/es\/politica-de-privacidad-web\/\">Pol\u00edtica de privacidad<\/a><span> <\/span>y para los siguientes Fines comerciales especificados en la CCPA\/CPRA <\/p>\n<\/div>\n<div class=\"wp\">\n<div class=\"wp\">\n<ul>\n<li>Brindarle servicios de publicidad y marketing, a excepci\u00f3n de la publicidad de comportamiento de contexto cruzado (que se aborda en la Secci\u00f3n 4 de esta Declaraci\u00f3n);<\/li>\n<li>Auditor\u00eda relacionada con el recuento de impresiones de anuncios para visitantes \u00fanicos, la verificaci\u00f3n del posicionamiento y la calidad de las impresiones de anuncios y el cumplimiento de auditor\u00edas;<\/li>\n<li>Uso transitorio a corto plazo, que incluye, entre otros, publicidad no personalizada que se muestra como parte de su interacci\u00f3n actual con nosotros;<\/li>\n<li>Ayudar a garantizar la seguridad y la integridad en la medida en que el uso de su informaci\u00f3n personal sea razonablemente necesario y proporcionado para estos fines;<\/li>\n<li>Depuraci\u00f3n para identificar y reparar errores que perjudican la funcionalidad prevista existente;<\/li>\n<li>Llevar a cabo investigaciones internas para el desarrollo tecnol\u00f3gico y la demostraci\u00f3n; y<\/li>\n<li>Llevar a cabo actividades para verificar o mantener la calidad o seguridad de un servicio o dispositivo que es de nuestra propiedad, fabricado, fabricado para o controlado por nosotros, y para mejorar, actualizar o mejorar el servicio o dispositivo que es de nuestra propiedad, fabricado, fabricado para, o controlado por nosotros.<\/li>\n<\/ul>\n<\/div>\n<\/div>\n<div class=\"wp\">\n<p>No recopilamos ni procesamos informaci\u00f3n personal confidencial con el fin de inferir caracter\u00edsticas sobre los consumidores de California cubiertos por esta Declaraci\u00f3n.<\/p>\n<p>&nbsp;<\/p>\n<\/div>\n<div class=\"wp\">\n<h4><strong>2. Retenci\u00f3n de informaci\u00f3n personal<\/strong><\/h4>\n<\/div>\n<div class=\"wp\">\n<p>Retendremos su informaci\u00f3n personal durante el per\u00edodo de tiempo razonablemente necesario para lograr los prop\u00f3sitos descritos en nuestra Pol\u00edtica de privacidad y esta Declaraci\u00f3n, o cualquier otro aviso proporcionado en el momento de la recopilaci\u00f3n, teniendo en cuenta los estatutos de limitaci\u00f3n aplicables y los requisitos de retenci\u00f3n de registros seg\u00fan la ley aplicable. .<\/p>\n<p>&nbsp;<\/p>\n<\/div>\n<div class=\"wp\">\n<h4><strong>3. Fuentes de informaci\u00f3n personal<\/strong><\/h4>\n<\/div>\n<div class=\"wp\">\n<p>Durante el per\u00edodo de 12 meses anterior a la fecha de vigencia de esta Declaraci\u00f3n, es posible que hayamos obtenido informaci\u00f3n personal sobre usted de las siguientes categor\u00edas de fuentes:<\/p>\n<\/div>\n<div class=\"wp\">\n<div class=\"wp\">\n<ul>\n<li>Directamente desde usted o sus dispositivos, por ejemplo, a trav\u00e9s de su uso del sitio web<\/li>\n<li>Nuestros afiliados o subsidiarias<\/li>\n<li>Su empleador, si es representante de un proveedor u otro socio comercial<\/li>\n<li>Otras personas, como en relaci\u00f3n con una recomendaci\u00f3n comercial<\/li>\n<li>Proveedores que prestan servicios en nuestro nombre<\/li>\n<li>Proveedores de an\u00e1lisis de datos<\/li>\n<li>Entidades gubernamentales<\/li>\n<\/ul>\n<\/div>\n<\/div>\n<div class=\"wp\">\n<h4><strong><\/strong><\/h4>\n<h4><strong>4. Venta o intercambio de informaci\u00f3n personal<\/strong><\/h4>\n<\/div>\n<div class=\"wp\">\n<p>No vendemos (y no venderemos) informaci\u00f3n personal, ni compartimos informaci\u00f3n personal con fines de publicidad de comportamiento de contexto cruzado, a menos que publiquemos un aviso del derecho a optar por no participar en dicha venta o compartir y cumplir con otros requisitos legales relevantes. No vendemos informaci\u00f3n personal confidencial ni compartimos informaci\u00f3n personal confidencial con fines de publicidad conductual de contexto cruzado. <\/p>\n<\/div>\n<div class=\"wp\">\n<h4><strong><\/strong><\/h4>\n<h4><strong>5. Divulgaci\u00f3n de informaci\u00f3n personal<\/strong><\/h4>\n<\/div>\n<div class=\"wp\">\n<p>Durante el per\u00edodo de 12 meses anterior a la fecha de vigencia de esta Declaraci\u00f3n, es posible que hayamos divulgado las siguientes categor\u00edas de informaci\u00f3n personal sobre usted con fines comerciales a las siguientes categor\u00edas de terceros<a>:<\/a><\/p>\n<p>&nbsp;<\/p>\n<\/div>\n<div class=\"wp\">\n<figure class=\"wp-block-table\">\n<table>\n<tbody>\n<tr>\n<td><strong>Categor\u00eda de informaci\u00f3n personal<\/strong><\/td>\n<td><strong>Categor\u00eda de Tercero<\/strong><\/td>\n<\/tr>\n<tr>\n<td>Identificadores<\/td>\n<td>Nuestros afiliados y subsidiarias<br \/>Proveedores que prestan servicios en nuestro nombre<br \/>Organizaciones de servicios profesionales, como bufetes de abogados y auditores independientes<br \/>Proveedores de an\u00e1lisis de datos<\/td>\n<\/tr>\n<tr>\n<td>Actividad en l\u00ednea<\/td>\n<td>Nuestros afiliados y subsidiarias<br \/>Proveedores que prestan servicios en nuestro nombre<br \/>Organizaciones de servicios profesionales, como bufetes de abogados y auditores independientes<br \/>Proveedores de an\u00e1lisis de datos<\/td>\n<\/tr>\n<tr>\n<td>Informaci\u00f3n sensorial<\/td>\n<td>Nuestros afiliados y subsidiarias<br \/>Proveedores que prestan servicios en nuestro nombre<br \/>Organizaciones de servicios profesionales, como bufetes de abogados y auditores independientes<br \/>Proveedores de an\u00e1lisis de datos<\/td>\n<\/tr>\n<\/tbody>\n<\/table>\n<\/figure>\n<\/div>\n<div class=\"wp\">\n<p>Adem\u00e1s de las categor\u00edas de terceros identificadas anteriormente, durante el per\u00edodo de 12 meses anterior a la fecha de vigencia de esta Declaraci\u00f3n, es posible que hayamos divulgado informaci\u00f3n personal sobre usted a entidades gubernamentales, como en respuesta a una solicitud de las autoridades encargadas de hacer cumplir la ley.<\/p>\n<p>&nbsp;<\/p>\n<\/div>\n<div class=\"wp\">\n<h4><strong>6. Derechos de privacidad del consumidor de California<\/strong><\/h4>\n<\/div>\n<div class=\"wp\">\n<p>Tiene ciertas opciones con respecto a su informaci\u00f3n personal, como se describe a continuaci\u00f3n. <span>Derecho a saber: tiene derecho a solicitar, dos veces en un per\u00edodo de 12 meses, que le divulguemos la informaci\u00f3n personal que hemos recopilado, usado, divulgado y vendido o compartido sobre usted durante los \u00faltimos 12 meses.<\/span><\/p>\n<blockquote>\n<p><span><strong>Derecho a la correcci\u00f3n:<\/strong> tiene derecho a solicitar que corrijamos la informaci\u00f3n personal que mantenemos sobre usted, si esa informaci\u00f3n es inexacta.<\/span><\/p>\n<p><span><strong>Derecho a la eliminaci\u00f3n:<\/strong> tiene derecho a solicitar que eliminemos cierta informaci\u00f3n personal que hemos recopilado de usted.<\/span><\/p>\n<p><strong>Derecho a optar por no vender o compartir:<\/strong><span> <\/span>Tiene derecho a excluirse de la venta de su informaci\u00f3n personal o de compartir su informaci\u00f3n personal con fines publicitarios de comportamiento en contextos cruzados.<\/p>\n<\/blockquote>\n<p>Como se describi\u00f3 anteriormente, no vendemos informaci\u00f3n personal ni compartimos informaci\u00f3n personal con fines publicitarios de comportamiento en contextos cruzados.<\/p>\n<\/div>\n<div class=\"wp\">\n<p><strong>C\u00f3mo enviar una solicitud<\/strong><\/p>\n<p>Para enviar una solicitud de acceso, correcci\u00f3n o eliminaci\u00f3n, env\u00edenos un correo electr\u00f3nico a cs@plutusreceivables.com o ll\u00e1menos a [phone]. Para enviar una solicitud como agente autorizado en nombre de un consumidor, env\u00edenos un correo electr\u00f3nico a cs@plutusreceivables.com<a href=\"mailto:pracustomercare@portfoliorecovery.com\"> <\/a>y proporcionarnos una copia del permiso firmado por el consumidor de California que lo autoriza a actuar en nombre del consumidor. Si tiene preguntas o inquietudes sobre nuestras pol\u00edticas y pr\u00e1cticas de privacidad, comun\u00edquese con nosotros como se describe en la secci\u00f3n C<a href=\"https:\/\/plutusreceivables.com\/es\/contacta-con-nosotros\/\">\u00f3mo comunicarse con nosotros<\/a> de nuestra <a href=\"https:\/\/plutusreceivables.com\/es\/politica-de-privacidad-web\/\" title=\"pol\u00edtica de privacidad\">Pol\u00edtica de privacidad.<\/a><\/p>\n<\/div>\n<div class=\"wp\">\n<p><em>Individuos B2B:<span> <\/span><\/em>Si usted es personal que trabaja en nombre de nuestros socios comerciales (por ejemplo, proveedores), para enviar una solicitud de acceso, correcci\u00f3n o eliminaci\u00f3n, env\u00edenos un correo electr\u00f3nico a cs@plutusreceivables.com<span> <\/span><a href=\"mailto:B2BPrivacyRequest@PRAGroup.com\"><\/a><span> <\/span>o ll\u00e1manos al 1-[phone].<\/p>\n<p>&nbsp;<\/p>\n<\/div>\n<div class=\"wp\">\n<p><strong>Verificaci\u00f3n<\/strong><\/p>\n<p>Para ayudar a proteger su privacidad y mantener la seguridad, tomaremos medidas para verificar su identidad antes de otorgarle acceso a su informaci\u00f3n personal o cumplir con su solicitud. Si no tiene una direcci\u00f3n de correo electr\u00f3nico u otra informaci\u00f3n de contacto directo registrada con nosotros, entonces no existe un m\u00e9todo razonable por el cual podamos verificar su identidad con el nivel de certeza requerido por la CCPA\/CPRA. La raz\u00f3n de esto es que no vinculamos direcciones IP, identificadores de dispositivos u otra informaci\u00f3n recopilada a trav\u00e9s de medios automatizados con personas reales nombradas. En consecuencia, si no tiene una direcci\u00f3n de correo electr\u00f3nico u otra informaci\u00f3n de contacto directo registrada con nosotros, y solicita acceso, correcci\u00f3n o eliminaci\u00f3n de<a>,<span> <\/span><\/a>su informaci\u00f3n personal, no podremos procesar su solicitud en este momento.<\/p>\n<\/div>\n<div class=\"wp\">\n<p>Si tiene una direcci\u00f3n de correo electr\u00f3nico u otra informaci\u00f3n de contacto directo registrada con nosotros y solicita acceso, correcci\u00f3n o eliminaci\u00f3n de<a>,<span> <\/span><\/a>su informaci\u00f3n personal, es posible que le solicitemos que proporcione su nombre y direcci\u00f3n de correo electr\u00f3nico. Adem\u00e1s, si nos solicita que le proporcionemos informaci\u00f3n personal espec\u00edfica, es posible que le solicitemos que firme una declaraci\u00f3n bajo pena de perjurio de que usted es el consumidor cuya informaci\u00f3n personal es objeto de la solicitud.<\/p>\n<p>&nbsp;<\/p>\n<\/div>\n<div class=\"wp\">\n<p><strong>informaci\u00f3n adicional<\/strong><\/p>\n<p>Si elige ejercer cualquiera de sus derechos bajo CCPA\/CPRA, tiene derecho a no recibir un trato discriminatorio por nuestra parte. En la medida permitida por la ley aplicable, podemos cobrar una tarifa razonable para cumplir con su solicitud.<\/p>\n<\/div>\n<p><!-- \/divi:paragraph --><\/p>\n<p>[\/et_pb_text][\/et_pb_column][\/et_pb_row][\/et_pb_section]<\/p>\n","protected":false},"excerpt":{"rendered":"<p>Plutus Receivables Management LLCDeclaraci\u00f3n de privacidad del consumidor de California Esta Declaraci\u00f3n de privacidad del consumidor de California (\u00abDeclaraci\u00f3n\u00bb) complementa nuestra Pol\u00edtica de privacidad web de Plutus Receivables Management LLC (\u00abPlutus\u00bb). Esta Declaraci\u00f3n se aplica \u00fanicamente a los consumidores de California, incluido el personal que trabaja en nombre de nuestros socios comerciales (por ejemplo, proveedores) [&hellip;]<\/p>\n","protected":false},"author":1,"featured_media":0,"parent":0,"menu_order":0,"comment_status":"closed","ping_status":"closed","template":"","meta":{"_et_pb_use_builder":"on","_et_pb_old_content":"","_et_gb_content_width":"","footnotes":""},"class_list":["post-713","page","type-page","status-publish","hentry"],"_links":{"self":[{"href":"https:\/\/plutusreceivables.com\/es\/wp-json\/wp\/v2\/pages\/713","targetHints":{"allow":["GET"]}}],"collection":[{"href":"https:\/\/plutusreceivables.com\/es\/wp-json\/wp\/v2\/pages"}],"about":[{"href":"https:\/\/plutusreceivables.com\/es\/wp-json\/wp\/v2\/types\/page"}],"author":[{"embeddable":true,"href":"https:\/\/plutusreceivables.com\/es\/wp-json\/wp\/v2\/users\/1"}],"replies":[{"embeddable":true,"href":"https:\/\/plutusreceivables.com\/es\/wp-json\/wp\/v2\/comments?post=713"}],"version-history":[{"count":0,"href":"https:\/\/plutusreceivables.com\/es\/wp-json\/wp\/v2\/pages\/713\/revisions"}],"wp:attachment":[{"href":"https:\/\/plutusreceivables.com\/es\/wp-json\/wp\/v2\/media?parent=713"}],"curies":[{"name":"wp","href":"https:\/\/api.w.org\/{rel}","templated":true}]}}