{"id":618,"date":"2023-05-07T23:08:39","date_gmt":"2023-05-07T23:08:39","guid":{"rendered":"https:\/\/plutusreceivables.com\/carga-de-robo-de-identidad\/"},"modified":"2024-06-25T21:13:26","modified_gmt":"2024-06-25T21:13:26","slug":"carga-de-robo-de-identidad","status":"publish","type":"page","link":"https:\/\/plutusreceivables.com\/es\/carga-de-robo-de-identidad\/","title":{"rendered":"Carga de robo de identidad"},"content":{"rendered":"<p>[et_pb_section fb_built=\u00bb1&#8243; _builder_version=\u00bb4.20.4&#8243; _module_preset=\u00bbdefault\u00bb background_color=\u00bb#f7f7f7&#8243; global_colors_info=\u00bb{}\u00bb][et_pb_row column_structure=\u00bb1_3,1_3,1_3&#8243; _builder_version=\u00bb4.21.0&#8243; _module_preset=\u00bbdefault\u00bb custom_margin=\u00bb-50px||-50px||false|false\u00bb custom_padding=\u00bb||||false|false\u00bb global_colors_info=\u00bb{}\u00bb][et_pb_column type=\u00bb1_3&#8243; _builder_version=\u00bb4.20.4&#8243; _module_preset=\u00bbdefault\u00bb global_colors_info=\u00bb{}\u00bb][et_pb_text _builder_version=\u00bb4.21.0&#8243; _module_preset=\u00bbdefault\u00bb global_colors_info=\u00bb{}\u00bb]<\/p>\n<div class=\"elementor-column elementor-col-25 elementor-top-column elementor-element elementor-element-4ab3d561\" data-id=\"4ab3d561\" data-element_type=\"column\">\n<div class=\"elementor-column-wrap elementor-element-populated\">\n<div class=\"elementor-widget-wrap\">\n<div class=\"elementor-element elementor-element-512ab90 elementor-widget elementor-widget-heading\" data-id=\"512ab90\" data-element_type=\"widget\" data-widget_type=\"heading.default\">\n<div class=\"elementor-widget-container\">\n<h2 class=\"elementor-heading-title elementor-size-default\"><strong>Declaraci\u00f3n jurada de identificaci\u00f3n de archivo<\/strong><\/h2>\n<\/div>\n<\/div>\n<\/div>\n<\/div>\n<\/div>\n<div class=\"elementor-column elementor-col-25 elementor-top-column elementor-element elementor-element-d34ed97\" data-id=\"d34ed97\" data-element_type=\"column\">\n<div class=\"elementor-column-wrap elementor-element-populated\">\n<div class=\"elementor-widget-wrap\">\n<div class=\"elementor-element elementor-element-b1302b2 elementor-position-left elementor-vertical-align-middle elementor-view-default elementor-mobile-position-top elementor-widget elementor-widget-icon-box\" data-id=\"b1302b2\" data-element_type=\"widget\" data-widget_type=\"icon-box.default\">\n<div class=\"elementor-widget-container\">\n<div class=\"elementor-icon-box-wrapper\">\n<div class=\"elementor-icon-box-icon\"><\/div>\n<\/div>\n<\/div>\n<\/div>\n<\/div>\n<\/div>\n<\/div>\n<p>[\/et_pb_text][\/et_pb_column][et_pb_column type=\u00bb1_3&#8243; _builder_version=\u00bb4.20.4&#8243; _module_preset=\u00bbdefault\u00bb global_colors_info=\u00bb{}\u00bb][et_pb_blurb use_icon=\u00bbon\u00bb font_icon=\u00bb&#xf3ed;||fa||900&#8243; icon_color=\u00bb#898989&#8243; icon_placement=\u00bbleft\u00bb content_max_width=\u00bb450px\u00bb _builder_version=\u00bb4.20.4&#8243; header_font=\u00bbMontserrat|600|||||||\u00bb header_font_size=\u00bb20px\u00bb body_font=\u00bb||||||||\u00bb body_font_size=\u00bb16px\u00bb body_line_height=\u00bb1.8em\u00bb animation_style=\u00bbfold\u00bb animation_direction=\u00bbbottom\u00bb animation_intensity_fold=\u00bb20%\u00bb animation_starting_opacity=\u00bb100%\u00bb border_radii_image=\u00bboff||||\u00bb global_colors_info=\u00bb%91%93&#8243;]<\/p>\n<p class=\"elementor-icon-box-title\"><span>Seguro y protegido<\/span><\/p>\n<p>[\/et_pb_blurb][\/et_pb_column][et_pb_column type=\u00bb1_3&#8243; _builder_version=\u00bb4.20.4&#8243; _module_preset=\u00bbdefault\u00bb global_colors_info=\u00bb{}\u00bb][et_pb_blurb use_icon=\u00bbon\u00bb font_icon=\u00bb&#xe06c;||divi||400&#8243; icon_color=\u00bb#898989&#8243; icon_placement=\u00bbleft\u00bb content_max_width=\u00bb675px\u00bb _builder_version=\u00bb4.20.4&#8243; header_font=\u00bbMontserrat|600|||||||\u00bb header_font_size=\u00bb20px\u00bb body_font=\u00bb||||||||\u00bb body_font_size=\u00bb16px\u00bb body_line_height=\u00bb1.8em\u00bb animation_style=\u00bbfold\u00bb animation_direction=\u00bbbottom\u00bb animation_intensity_fold=\u00bb20%\u00bb animation_starting_opacity=\u00bb100%\u00bb border_radii_image=\u00bboff||||\u00bb global_colors_info=\u00bb%91%93&#8243;]<\/p>\n<p class=\"elementor-icon-box-title\"><span>Utilizamos protocolos de seguridad de las mejores pr\u00e1cticas de la industria para mantener su informaci\u00f3n segura.<\/span><\/p>\n<p>[\/et_pb_blurb][\/et_pb_column][\/et_pb_row][et_pb_row _builder_version=\u00bb4.20.4&#8243; _module_preset=\u00bbdefault\u00bb background_color=\u00bb#FFFFFF\u00bb custom_padding=\u00bb20px|20px|20px|20px|false|false\u00bb border_radii=\u00bbon|10px|10px|10px|10px\u00bb border_radii_tablet=\u00bbon|8px|8px|8px|8px\u00bb border_radii_phone=\u00bbon|8px|8px|8px|8px\u00bb border_radii_last_edited=\u00bbon|desktop\u00bb box_shadow_style=\u00bbpreset2&#8243; global_colors_info=\u00bb{}\u00bb border_radii__hover_enabled=\u00bbon|desktop\u00bb border_radii__hover=\u00bbon|8px|8px|8px|8px\u00bb][et_pb_column type=\u00bb4_4&#8243; _builder_version=\u00bb4.20.4&#8243; _module_preset=\u00bbdefault\u00bb global_colors_info=\u00bb{}\u00bb][et_pb_code _builder_version=\u00bb4.25.2&#8243; _module_preset=\u00bbdefault\u00bb custom_margin=\u00bb||||false|false\u00bb custom_padding=\u00bb||||false|false\u00bb hover_enabled=\u00bb0&#8243; global_colors_info=\u00bb{}\u00bb sticky_enabled=\u00bb0&#8243;]<\/p>\n<div id=\"mf_placeholder\" <!-- [et_pb_line_break_holder] -->     data-formurl=\u00bb\/\/mf.plutusreceivables.com\/embed.php?id=13959&#8243; <!-- [et_pb_line_break_holder] -->     data-formheight=\u00bb1059&#8243;  <!-- [et_pb_line_break_holder] -->     data-formtitle=\u00bbESP | Plutus | ID Theft\u00bb  <!-- [et_pb_line_break_holder] -->     data-paddingbottom=\u00bb10&#8243;><!-- [et_pb_line_break_holder] --><\/div>\n<p><!-- [et_pb_line_break_holder] --><script><!-- [et_pb_line_break_holder] -->\t(function(f,o,r,m){<!-- [et_pb_line_break_holder] -->\t\tr=f.createElement('script');r.async=1;r.src=o+'js\/mf.js';<!-- [et_pb_line_break_holder] -->\t\tm=f.getElementById('mf_placeholder'); m.parentNode.insertBefore(r, m);<!-- [et_pb_line_break_holder] -->\t})(document,'\/\/mf.plutusreceivables.com\/');<!-- [et_pb_line_break_holder] --><\/script>[\/et_pb_code][\/et_pb_column][\/et_pb_row][\/et_pb_section][et_pb_section fb_built=\u00bb1&#8243; _builder_version=\u00bb4.20.4&#8243; _module_preset=\u00bbdefault\u00bb background_color=\u00bb#f7f7f7&#8243; global_colors_info=\u00bb{}\u00bb][et_pb_row column_structure=\u00bb1_4,3_4&#8243; _builder_version=\u00bb4.20.4&#8243; _module_preset=\u00bbdefault\u00bb global_colors_info=\u00bb{}\u00bb][et_pb_column type=\u00bb1_4&#8243; _builder_version=\u00bb4.20.4&#8243; _module_preset=\u00bbdefault\u00bb global_colors_info=\u00bb{}\u00bb][et_pb_text _builder_version=\u00bb4.20.4&#8243; _module_preset=\u00bbdefault\u00bb text_font_size=\u00bb24px\u00bb custom_padding=\u00bb||3px|||\u00bb global_colors_info=\u00bb{}\u00bb]<\/p>\n<p class=\"elementor-heading-title elementor-size-default\"><strong>DOCUMENTOS REQUERIDOS PARA PRESENTAR LA DECLARACI\u00d3N JURADA DE ROBO DE Identidad<\/strong><\/p>\n<p class=\"elementor-heading-title elementor-size-default\">\n<p>[\/et_pb_text][\/et_pb_column][et_pb_column type=\u00bb3_4&#8243; _builder_version=\u00bb4.20.4&#8243; _module_preset=\u00bbdefault\u00bb global_colors_info=\u00bb{}\u00bb][et_pb_text _builder_version=\u00bb4.20.4&#8243; _module_preset=\u00bbdefault\u00bb text_font_size=\u00bb16px\u00bb global_colors_info=\u00bb{}\u00bb]<\/p>\n<p>Cuanto m\u00e1s f\u00e1cilmente disponible est\u00e9 su documentaci\u00f3n, m\u00e1s r\u00e1pido avanzar\u00e1 en el proceso.<\/p>\n<p>Deber\u00e1 presentar:<\/p>\n<ul>\n<li><b>Declaraci\u00f3n jurada de robo de identidad notariada e informe policial<\/b><\/li>\n<li><b>Identificaci\u00f3n emitida por el gobierno con foto<\/b><\/li>\n<li><strong>Cualquier otra documentaci\u00f3n de respaldo<\/strong><b><\/b><\/li>\n<\/ul>\n<p>Puede enviar sus documentos por correo electr\u00f3nico a: id theft@plutusreceivables<strong> <\/strong>o cargar archivos PDF a la carga segura anterior<\/p>\n<p>La siguiente es una lista de verificaci\u00f3n de los documentos m\u00e1s com\u00fanmente recopilados.<\/p>\n<p>[\/et_pb_text][\/et_pb_column][\/et_pb_row][et_pb_row column_structure=\u00bb1_2,1_2&#8243; _builder_version=\u00bb4.20.4&#8243; _module_preset=\u00bbdefault\u00bb global_colors_info=\u00bb{}\u00bb][et_pb_column type=\u00bb1_2&#8243; _builder_version=\u00bb4.20.4&#8243; _module_preset=\u00bbdefault\u00bb global_colors_info=\u00bb{}\u00bb][et_pb_blurb title=\u00bbNOTORIZED ID THEFT AFFIDAVIT \u00bb use_icon=\u00bbon\u00bb font_icon=\u00bb&#xf53d;||fa||900&#8243; icon_color=\u00bb#898989&#8243; icon_placement=\u00bbleft\u00bb _builder_version=\u00bb4.21.0&#8243; header_font=\u00bbMontserrat|600|||||||\u00bb header_font_size=\u00bb20px\u00bb body_font=\u00bb||||||||\u00bb body_font_size=\u00bb16px\u00bb body_line_height=\u00bb1.8em\u00bb animation_style=\u00bbfold\u00bb animation_direction=\u00bbbottom\u00bb animation_intensity_fold=\u00bb20%\u00bb animation_starting_opacity=\u00bb100%\u00bb border_radii_image=\u00bboff||||\u00bb global_colors_info=\u00bb%91%93&#8243;]<\/p>\n<p>Una declaraci\u00f3n jurada completamente llena y notariada.<\/p>\n<p style=\"text-align: center;\">Puedes <strong><a href=\"https:\/\/plutusreceivables.com\/wp-content\/uploads\/2023\/05\/plutus_id_affidvit.pdf\" target=\"_blank\" rel=\"noopener\">descargar aqu\u00ed.<\/a><\/strong> <\/p>\n<p>[\/et_pb_blurb][et_pb_blurb title=\u00bbCOPIA DEL DENUNCIA POLICIAL\u00bb use_icon=\u00bbon\u00bb font_icon=\u00bb&#xf4c0;||fa||900&#8243; icon_color=\u00bb#898989&#8243; icon_placement=\u00bbleft\u00bb _builder_version=\u00bb4.21.0&#8243; header_font=\u00bbMontserrat|600|||||||\u00bb header_font_size=\u00bb20px\u00bb body_font=\u00bb||||||||\u00bb body_font_size=\u00bb16px\u00bb body_line_height=\u00bb1.8em\u00bb animation_style=\u00bbfold\u00bb animation_direction=\u00bbbottom\u00bb animation_intensity_fold=\u00bb20%\u00bb animation_starting_opacity=\u00bb100%\u00bb border_radii_image=\u00bboff||||\u00bb global_colors_info=\u00bb%91%93&#8243;]<\/p>\n<p><span style=\"font-weight: 400;\">Su polic\u00eda local o la polic\u00eda de la comunidad donde ocurri\u00f3 el robo de identidad para presentar un informe. Obtenga una copia del informe policial o, al menos, el n\u00famero del informe. Puede ayudarlo a tratar con los acreedores que necesitan pruebas del delito. Si la polic\u00eda se resiste a tomar su informe, solicite presentar un informe de \u00abIncidentes varios\u00bb o pruebe con otra jurisdicci\u00f3n, como la polic\u00eda de su estado. Tambi\u00e9n puede consultar con la oficina del Fiscal General de su estado para averiguar si la ley estatal exige que la polic\u00eda tome denuncias por robo de identidad. Consulte las p\u00e1ginas azules de su directorio telef\u00f3nico para obtener el n\u00famero de tel\u00e9fono o visite www.naag.org para obtener una lista de los fiscales generales estatales. <\/span><\/p>\n<p>[\/et_pb_blurb][\/et_pb_column][et_pb_column type=\u00bb1_2&#8243; _builder_version=\u00bb4.20.4&#8243; _module_preset=\u00bbdefault\u00bb global_colors_info=\u00bb{}\u00bb][et_pb_blurb title=\u00bbLICENCIA DE CONDUCIR U OTRA IDENTIFICACI\u00d3N CON FOTO\u00bb use_icon=\u00bbon\u00bb font_icon=\u00bb&#xf2c2;||fa||900&#8243; icon_color=\u00bb#898989&#8243; icon_placement=\u00bbleft\u00bb _builder_version=\u00bb4.21.0&#8243; header_font=\u00bbMontserrat|600|||||||\u00bb header_font_size=\u00bb20px\u00bb body_font=\u00bb||||||||\u00bb body_font_size=\u00bb16px\u00bb body_line_height=\u00bb1.8em\u00bb animation_style=\u00bbfold\u00bb animation_direction=\u00bbbottom\u00bb animation_intensity_fold=\u00bb20%\u00bb animation_starting_opacity=\u00bb100%\u00bb border_radii_image=\u00bboff||||\u00bb global_colors_info=\u00bb%91%93&#8243;]<\/p>\n<p>Necesitamos una identificaci\u00f3n emitida por el gobierno con una foto.<\/p>\n<p>[\/et_pb_blurb][et_pb_blurb title=\u00bbOTROS DOCUMENTOS DE APOYO\u00bb use_icon=\u00bbon\u00bb font_icon=\u00bb&#xf07c;||fa||900&#8243; icon_color=\u00bb#898989&#8243; icon_placement=\u00bbleft\u00bb _builder_version=\u00bb4.20.4&#8243; header_font=\u00bbMontserrat|600|||||||\u00bb header_font_size=\u00bb20px\u00bb body_font=\u00bb||||||||\u00bb body_font_size=\u00bb16px\u00bb body_line_height=\u00bb1.8em\u00bb animation_style=\u00bbfold\u00bb animation_direction=\u00bbbottom\u00bb animation_intensity_fold=\u00bb20%\u00bb animation_starting_opacity=\u00bb100%\u00bb border_radii_image=\u00bboff||||\u00bb global_colors_info=\u00bb%91%93&#8243;]<\/p>\n<p><span style=\"font-weight: 400;\"><span>Cualquier otra documentaci\u00f3n que pueda respaldar su reclamo, esta no es su cuenta y su identidad se us\u00f3 sin su permiso.<\/span><\/span><\/p>\n<p>[\/et_pb_blurb][\/et_pb_column][\/et_pb_row][\/et_pb_section]<\/p>\n","protected":false},"excerpt":{"rendered":"<p>Declaraci\u00f3n jurada de identificaci\u00f3n de archivo Seguro y protegidoUtilizamos protocolos de seguridad de las mejores pr\u00e1cticas de la industria para mantener su informaci\u00f3n segura.DOCUMENTOS REQUERIDOS PARA PRESENTAR LA DECLARACI\u00d3N JURADA DE ROBO DE Identidad Cuanto m\u00e1s f\u00e1cilmente disponible est\u00e9 su documentaci\u00f3n, m\u00e1s r\u00e1pido avanzar\u00e1 en el proceso. Deber\u00e1 presentar: Declaraci\u00f3n jurada de robo de identidad [&hellip;]<\/p>\n","protected":false},"author":1,"featured_media":0,"parent":0,"menu_order":0,"comment_status":"closed","ping_status":"closed","template":"","meta":{"_et_pb_use_builder":"on","_et_pb_old_content":"","_et_gb_content_width":"","footnotes":""},"class_list":["post-618","page","type-page","status-publish","hentry"],"_links":{"self":[{"href":"https:\/\/plutusreceivables.com\/es\/wp-json\/wp\/v2\/pages\/618","targetHints":{"allow":["GET"]}}],"collection":[{"href":"https:\/\/plutusreceivables.com\/es\/wp-json\/wp\/v2\/pages"}],"about":[{"href":"https:\/\/plutusreceivables.com\/es\/wp-json\/wp\/v2\/types\/page"}],"author":[{"embeddable":true,"href":"https:\/\/plutusreceivables.com\/es\/wp-json\/wp\/v2\/users\/1"}],"replies":[{"embeddable":true,"href":"https:\/\/plutusreceivables.com\/es\/wp-json\/wp\/v2\/comments?post=618"}],"version-history":[{"count":1,"href":"https:\/\/plutusreceivables.com\/es\/wp-json\/wp\/v2\/pages\/618\/revisions"}],"predecessor-version":[{"id":852,"href":"https:\/\/plutusreceivables.com\/es\/wp-json\/wp\/v2\/pages\/618\/revisions\/852"}],"wp:attachment":[{"href":"https:\/\/plutusreceivables.com\/es\/wp-json\/wp\/v2\/media?parent=618"}],"curies":[{"name":"wp","href":"https:\/\/api.w.org\/{rel}","templated":true}]}}