{"id":484,"date":"2023-04-20T20:51:18","date_gmt":"2023-04-20T20:51:18","guid":{"rendered":"https:\/\/plutusreceivables.com\/cuestionario-de-liquidacion-de-trato-justo\/"},"modified":"2024-06-25T21:41:56","modified_gmt":"2024-06-25T21:41:56","slug":"cuestionario-de-liquidacion-de-trato-justo","status":"publish","type":"page","link":"https:\/\/plutusreceivables.com\/es\/cuestionario-de-liquidacion-de-trato-justo\/","title":{"rendered":"Cuestionario de liquidaci\u00f3n de trato justo"},"content":{"rendered":"<p>[et_pb_section fb_built=\u00bb1&#8243; _builder_version=\u00bb4.20.4&#8243; _module_preset=\u00bbdefault\u00bb background_color=\u00bb#f7f7f7&#8243; global_colors_info=\u00bb{}\u00bb][et_pb_row column_structure=\u00bb1_3,1_3,1_3&#8243; _builder_version=\u00bb4.21.0&#8243; _module_preset=\u00bbdefault\u00bb custom_margin=\u00bb-50px||-50px||false|false\u00bb custom_padding=\u00bb||||false|false\u00bb global_colors_info=\u00bb{}\u00bb][et_pb_column type=\u00bb1_3&#8243; _builder_version=\u00bb4.20.4&#8243; _module_preset=\u00bbdefault\u00bb global_colors_info=\u00bb{}\u00bb][et_pb_text _builder_version=\u00bb4.21.0&#8243; _module_preset=\u00bbdefault\u00bb global_colors_info=\u00bb{}\u00bb]<\/p>\n<div class=\"elementor-column elementor-col-25 elementor-top-column elementor-element elementor-element-4ab3d561\" data-id=\"4ab3d561\" data-element_type=\"column\">\n<div class=\"elementor-column-wrap elementor-element-populated\">\n<div class=\"elementor-widget-wrap\">\n<div class=\"elementor-element elementor-element-512ab90 elementor-widget elementor-widget-heading\" data-id=\"512ab90\" data-element_type=\"widget\" data-widget_type=\"heading.default\">\n<div class=\"elementor-widget-container\">\n<h2 class=\"elementor-heading-title elementor-size-default\"><strong>ACUERDO DE TRATO JUSTO<\/strong><\/h2>\n<\/div>\n<\/div>\n<\/div>\n<\/div>\n<\/div>\n<div class=\"elementor-column elementor-col-25 elementor-top-column elementor-element elementor-element-d34ed97\" data-id=\"d34ed97\" data-element_type=\"column\">\n<div class=\"elementor-column-wrap elementor-element-populated\">\n<div class=\"elementor-widget-wrap\">\n<div class=\"elementor-element elementor-element-b1302b2 elementor-position-left elementor-vertical-align-middle elementor-view-default elementor-mobile-position-top elementor-widget elementor-widget-icon-box\" data-id=\"b1302b2\" data-element_type=\"widget\" data-widget_type=\"icon-box.default\">\n<div class=\"elementor-widget-container\">\n<div class=\"elementor-icon-box-wrapper\">\n<div class=\"elementor-icon-box-icon\"><\/div>\n<\/div>\n<\/div>\n<\/div>\n<\/div>\n<\/div>\n<\/div>\n<p>[\/et_pb_text][\/et_pb_column][et_pb_column type=\u00bb1_3&#8243; _builder_version=\u00bb4.20.4&#8243; _module_preset=\u00bbdefault\u00bb global_colors_info=\u00bb{}\u00bb][et_pb_blurb use_icon=\u00bbon\u00bb font_icon=\u00bb&#xf3ed;||fa||900&#8243; icon_color=\u00bb#898989&#8243; icon_placement=\u00bbleft\u00bb content_max_width=\u00bb450px\u00bb _builder_version=\u00bb4.20.4&#8243; header_font=\u00bbMontserrat|600|||||||\u00bb header_font_size=\u00bb20px\u00bb body_font=\u00bb||||||||\u00bb body_font_size=\u00bb16px\u00bb body_line_height=\u00bb1.8em\u00bb animation_style=\u00bbfold\u00bb animation_direction=\u00bbbottom\u00bb animation_intensity_fold=\u00bb20%\u00bb animation_starting_opacity=\u00bb100%\u00bb border_radii_image=\u00bboff||||\u00bb global_colors_info=\u00bb%91%93&#8243;]<\/p>\n<p class=\"elementor-icon-box-title\"><span>Seguro y protegido<\/span><\/p>\n<p>[\/et_pb_blurb][\/et_pb_column][et_pb_column type=\u00bb1_3&#8243; _builder_version=\u00bb4.20.4&#8243; _module_preset=\u00bbdefault\u00bb global_colors_info=\u00bb{}\u00bb][et_pb_blurb use_icon=\u00bbon\u00bb font_icon=\u00bb&#xe06c;||divi||400&#8243; icon_color=\u00bb#898989&#8243; icon_placement=\u00bbleft\u00bb content_max_width=\u00bb675px\u00bb _builder_version=\u00bb4.20.4&#8243; header_font=\u00bbMontserrat|600|||||||\u00bb header_font_size=\u00bb20px\u00bb body_font=\u00bb||||||||\u00bb body_font_size=\u00bb16px\u00bb body_line_height=\u00bb1.8em\u00bb animation_style=\u00bbfold\u00bb animation_direction=\u00bbbottom\u00bb animation_intensity_fold=\u00bb20%\u00bb animation_starting_opacity=\u00bb100%\u00bb border_radii_image=\u00bboff||||\u00bb global_colors_info=\u00bb%91%93&#8243;]<\/p>\n<p class=\"elementor-icon-box-title\"><span>Utilizamos protocolos de seguridad de las mejores pr\u00e1cticas de la industria para mantener su informaci\u00f3n segura.<\/span><\/p>\n<p>[\/et_pb_blurb][\/et_pb_column][\/et_pb_row][et_pb_row _builder_version=\u00bb4.20.4&#8243; _module_preset=\u00bbdefault\u00bb background_color=\u00bb#FFFFFF\u00bb custom_padding=\u00bb20px|20px|20px|20px|false|false\u00bb border_radii=\u00bbon|10px|10px|10px|10px\u00bb border_radii_tablet=\u00bbon|8px|8px|8px|8px\u00bb border_radii_phone=\u00bbon|8px|8px|8px|8px\u00bb border_radii_last_edited=\u00bbon|desktop\u00bb box_shadow_style=\u00bbpreset2&#8243; global_colors_info=\u00bb{}\u00bb border_radii__hover_enabled=\u00bbon|desktop\u00bb border_radii__hover=\u00bbon|8px|8px|8px|8px\u00bb][et_pb_column type=\u00bb4_4&#8243; _builder_version=\u00bb4.20.4&#8243; _module_preset=\u00bbdefault\u00bb global_colors_info=\u00bb{}\u00bb][et_pb_code _builder_version=\u00bb4.25.2&#8243; _module_preset=\u00bbdefault\u00bb custom_margin=\u00bb||||false|false\u00bb custom_padding=\u00bb||||false|false\u00bb hover_enabled=\u00bb0&#8243; global_colors_info=\u00bb{}\u00bb sticky_enabled=\u00bb0&#8243;]<\/p>\n<div id=\"mf_placeholder\" <!-- [et_pb_line_break_holder] -->     data-formurl=\u00bb\/\/mf.plutusreceivables.com\/embed.php?id=12099&#8243; <!-- [et_pb_line_break_holder] -->     data-formheight=\u00bb8802&#8243;  <!-- [et_pb_line_break_holder] -->     data-formtitle=\u00bbCuestionario de liquidaci\u00f3n de trato justo\u00bb  <!-- [et_pb_line_break_holder] -->     data-paddingbottom=\u00bb10&#8243;><!-- [et_pb_line_break_holder] --><\/div>\n<p><!-- [et_pb_line_break_holder] --><script><!-- [et_pb_line_break_holder] -->\t(function(f,o,r,m){<!-- [et_pb_line_break_holder] -->\t\tr=f.createElement('script');r.async=1;r.src=o+'js\/mf.js';<!-- [et_pb_line_break_holder] -->\t\tm=f.getElementById('mf_placeholder'); m.parentNode.insertBefore(r, m);<!-- [et_pb_line_break_holder] -->\t})(document,'\/\/mf.plutusreceivables.com\/');<!-- [et_pb_line_break_holder] --><\/script>[\/et_pb_code][\/et_pb_column][\/et_pb_row][\/et_pb_section][et_pb_section fb_built=\u00bb1&#8243; _builder_version=\u00bb4.20.4&#8243; _module_preset=\u00bbdefault\u00bb background_color=\u00bb#f7f7f7&#8243; global_colors_info=\u00bb{}\u00bb][et_pb_row column_structure=\u00bb1_4,3_4&#8243; _builder_version=\u00bb4.20.4&#8243; _module_preset=\u00bbdefault\u00bb global_colors_info=\u00bb{}\u00bb][et_pb_column type=\u00bb1_4&#8243; _builder_version=\u00bb4.20.4&#8243; _module_preset=\u00bbdefault\u00bb global_colors_info=\u00bb{}\u00bb][et_pb_text _builder_version=\u00bb4.20.4&#8243; _module_preset=\u00bbdefault\u00bb text_font_size=\u00bb24px\u00bb custom_padding=\u00bb||3px|||\u00bb global_colors_info=\u00bb{}\u00bb]<\/p>\n<p class=\"elementor-heading-title elementor-size-default\"><strong>DOCUMENTOS REQUERIDOS PARA UN ACUERDO JUSTO<\/strong><\/p>\n<p>[\/et_pb_text][\/et_pb_column][et_pb_column type=\u00bb3_4&#8243; _builder_version=\u00bb4.20.4&#8243; _module_preset=\u00bbdefault\u00bb global_colors_info=\u00bb{}\u00bb][et_pb_text _builder_version=\u00bb4.20.4&#8243; _module_preset=\u00bbdefault\u00bb text_font_size=\u00bb16px\u00bb global_colors_info=\u00bb{}\u00bb]<\/p>\n<p>Cuanto m\u00e1s f\u00e1cilmente disponible est\u00e9 su documentaci\u00f3n, m\u00e1s r\u00e1pido avanzar\u00e1 en el proceso.<\/p>\n<p>Para aplicar, deber\u00e1 enviar:<\/p>\n<ul>\n<li><b>\u00daltimos 3 meses de estados de cuenta bancarios<\/b><\/li>\n<li><strong>Declaraciones de impuestos presentadas el a\u00f1o pasado<\/strong><b><\/b><\/li>\n<li><strong>Cartas de concesi\u00f3n que muestren discapacidad, seguridad social u otros ingresos fijos.<\/strong><\/li>\n<li><strong>Otra documentaci\u00f3n que respalde las dificultades<\/strong><\/li>\n<\/ul>\n<p>Puede enviar sus documentos por correo electr\u00f3nico a: <strong>cs@plutusreceivables.com<\/strong> cargar archivos PDF a la aplicaci\u00f3n anterior.<\/p>\n<p>La siguiente es una lista de verificaci\u00f3n de los documentos m\u00e1s com\u00fanmente recopilados.<\/p>\n<p>[\/et_pb_text][\/et_pb_column][\/et_pb_row][et_pb_row column_structure=\u00bb1_2,1_2&#8243; _builder_version=\u00bb4.20.4&#8243; _module_preset=\u00bbdefault\u00bb global_colors_info=\u00bb{}\u00bb][et_pb_column type=\u00bb1_2&#8243; _builder_version=\u00bb4.20.4&#8243; _module_preset=\u00bbdefault\u00bb global_colors_info=\u00bb{}\u00bb][et_pb_blurb title=\u00bbESTADOS DE CUENTA BANCARIOS\u00bb use_icon=\u00bbon\u00bb font_icon=\u00bb&#xf53d;||fa||900&#8243; icon_color=\u00bb#898989&#8243; icon_placement=\u00bbleft\u00bb _builder_version=\u00bb4.21.0&#8243; header_font=\u00bbMontserrat|600|||||||\u00bb header_font_size=\u00bb20px\u00bb body_font=\u00bb||||||||\u00bb body_font_size=\u00bb16px\u00bb body_line_height=\u00bb1.8em\u00bb animation_style=\u00bbfold\u00bb animation_direction=\u00bbbottom\u00bb animation_intensity_fold=\u00bb20%\u00bb animation_starting_opacity=\u00bb100%\u00bb border_radii_image=\u00bboff||||\u00bb global_colors_info=\u00bb%91%93&#8243;]<\/p>\n<p><span>Extractos bancarios de los \u00faltimos 3 meses<\/span><\/p>\n<p>[\/et_pb_blurb][et_pb_blurb title=\u00bbCARTAS DE PREMIO\u00bb use_icon=\u00bbon\u00bb font_icon=\u00bb&#xf4c0;||fa||900&#8243; icon_color=\u00bb#898989&#8243; icon_placement=\u00bbleft\u00bb _builder_version=\u00bb4.21.0&#8243; header_font=\u00bbMontserrat|600|||||||\u00bb header_font_size=\u00bb20px\u00bb body_font=\u00bb||||||||\u00bb body_font_size=\u00bb16px\u00bb body_line_height=\u00bb1.8em\u00bb animation_style=\u00bbfold\u00bb animation_direction=\u00bbbottom\u00bb animation_intensity_fold=\u00bb20%\u00bb animation_starting_opacity=\u00bb100%\u00bb border_radii_image=\u00bboff||||\u00bb global_colors_info=\u00bb%91%93&#8243;]<\/p>\n<p><span>Si usted est\u00e1 en la seguridad social, jubilaci\u00f3n, invalidez, etc. Necesitamos pruebas de esto. <\/span><\/p>\n<p>[\/et_pb_blurb][\/et_pb_column][et_pb_column type=\u00bb1_2&#8243; _builder_version=\u00bb4.20.4&#8243; _module_preset=\u00bbdefault\u00bb global_colors_info=\u00bb{}\u00bb][et_pb_blurb title=\u00bbDECLARACIONES DEL A\u00d1O PASADO O 4506-T\u00bb use_icon=\u00bbon\u00bb font_icon=\u00bb&#xf2c2;||fa||900&#8243; icon_color=\u00bb#898989&#8243; icon_placement=\u00bbleft\u00bb _builder_version=\u00bb4.21.0&#8243; header_font=\u00bbMontserrat|600|||||||\u00bb header_font_size=\u00bb20px\u00bb body_font=\u00bb||||||||\u00bb body_font_size=\u00bb16px\u00bb body_line_height=\u00bb1.8em\u00bb animation_style=\u00bbfold\u00bb animation_direction=\u00bbbottom\u00bb animation_intensity_fold=\u00bb20%\u00bb animation_starting_opacity=\u00bb100%\u00bb border_radii_image=\u00bboff||||\u00bb global_colors_info=\u00bb%91%93&#8243;]<\/p>\n<p>Requerimos las declaraciones de impuestos presentadas del \u00faltimo a\u00f1o para hacer una determinaci\u00f3n de lo que gan\u00f3.<\/p>\n<p>[\/et_pb_blurb][et_pb_blurb title=\u00bbOTROS DOCUMENTOS\u00bb use_icon=\u00bbon\u00bb font_icon=\u00bb&#xf07c;||fa||900&#8243; icon_color=\u00bb#898989&#8243; icon_placement=\u00bbleft\u00bb _builder_version=\u00bb4.21.0&#8243; header_font=\u00bbMontserrat|600|||||||\u00bb header_font_size=\u00bb20px\u00bb body_font=\u00bb||||||||\u00bb body_font_size=\u00bb16px\u00bb body_line_height=\u00bb1.8em\u00bb animation_style=\u00bbfold\u00bb animation_direction=\u00bbbottom\u00bb animation_intensity_fold=\u00bb20%\u00bb animation_starting_opacity=\u00bb100%\u00bb border_radii_image=\u00bboff||||\u00bb global_colors_info=\u00bb%91%93&#8243;]<\/p>\n<p><span style=\"font-weight: 400;\"><span>Cualquier otra documentaci\u00f3n que respalde su reclamo de dificultad.<\/span><\/span><\/p>\n<p>[\/et_pb_blurb][\/et_pb_column][\/et_pb_row][\/et_pb_section]<\/p>\n","protected":false},"excerpt":{"rendered":"<p>ACUERDO DE TRATO JUSTO Seguro y protegidoUtilizamos protocolos de seguridad de las mejores pr\u00e1cticas de la industria para mantener su informaci\u00f3n segura.DOCUMENTOS REQUERIDOS PARA UN ACUERDO JUSTOCuanto m\u00e1s f\u00e1cilmente disponible est\u00e9 su documentaci\u00f3n, m\u00e1s r\u00e1pido avanzar\u00e1 en el proceso. Para aplicar, deber\u00e1 enviar: \u00daltimos 3 meses de estados de cuenta bancarios Declaraciones de impuestos presentadas [&hellip;]<\/p>\n","protected":false},"author":2,"featured_media":0,"parent":0,"menu_order":0,"comment_status":"closed","ping_status":"closed","template":"","meta":{"_et_pb_use_builder":"on","_et_pb_old_content":"","_et_gb_content_width":"","footnotes":""},"class_list":["post-484","page","type-page","status-publish","hentry"],"_links":{"self":[{"href":"https:\/\/plutusreceivables.com\/es\/wp-json\/wp\/v2\/pages\/484","targetHints":{"allow":["GET"]}}],"collection":[{"href":"https:\/\/plutusreceivables.com\/es\/wp-json\/wp\/v2\/pages"}],"about":[{"href":"https:\/\/plutusreceivables.com\/es\/wp-json\/wp\/v2\/types\/page"}],"author":[{"embeddable":true,"href":"https:\/\/plutusreceivables.com\/es\/wp-json\/wp\/v2\/users\/2"}],"replies":[{"embeddable":true,"href":"https:\/\/plutusreceivables.com\/es\/wp-json\/wp\/v2\/comments?post=484"}],"version-history":[{"count":1,"href":"https:\/\/plutusreceivables.com\/es\/wp-json\/wp\/v2\/pages\/484\/revisions"}],"predecessor-version":[{"id":856,"href":"https:\/\/plutusreceivables.com\/es\/wp-json\/wp\/v2\/pages\/484\/revisions\/856"}],"wp:attachment":[{"href":"https:\/\/plutusreceivables.com\/es\/wp-json\/wp\/v2\/media?parent=484"}],"curies":[{"name":"wp","href":"https:\/\/api.w.org\/{rel}","templated":true}]}}